{"id":2,"date":"2010-02-15T18:43:48","date_gmt":"2010-02-15T18:43:48","guid":{"rendered":"http:\/\/www.wezniepierdol.pl\/?page_id=2"},"modified":"2023-04-03T12:54:40","modified_gmt":"2023-04-03T10:54:40","slug":"about","status":"publish","type":"page","link":"https:\/\/www.wezniepierdol.pl\/?page_id=2","title":{"rendered":"O Stronie"},"content":{"rendered":"<p>Brakowa\u0142o mi strony, gdzie mo\u017cna spokojnie skomentowa\u0107 ka\u017cd\u0105 g\u0142upi\u0105 wypowied\u017a wychodz\u0105c\u0105 z ust polityk\u00f3w, os\u00f3b na stanowiskach, ludzi powszechnie uznanych za wa\u017cnych, m\u0105drych czy wp\u0142ywowych. Brakowa\u0142o mi przede wszystkim strony, kt\u00f3ra nie filtruje wypowiedzi wietrz\u0105c w tym interes. Od teraz to si\u0119 zmieni. Tutaj ka\u017cdy mo\u017ce powiedzie\u0107 &#8222;stary, we\u017a nie pierdol&#8221;.<\/p>\n","protected":false},"excerpt":{"rendered":"<p>Brakowa\u0142o mi strony, gdzie mo\u017cna spokojnie skomentowa\u0107 ka\u017cd\u0105 g\u0142upi\u0105 wypowied\u017a wychodz\u0105c\u0105 z ust polityk\u00f3w, os\u00f3b na stanowiskach, ludzi powszechnie uznanych za wa\u017cnych, m\u0105drych czy wp\u0142ywowych. Brakowa\u0142o mi przede wszystkim strony, kt\u00f3ra nie filtruje wypowiedzi wietrz\u0105c w tym interes. Od teraz to si\u0119 zmieni. Tutaj ka\u017cdy mo\u017ce powiedzie\u0107 &#8222;stary, we\u017a nie pierdol&#8221;.<\/p>\n","protected":false},"author":3,"featured_media":0,"parent":0,"menu_order":0,"comment_status":"closed","ping_status":"closed","template":"","meta":{"_crdt_document":"","ngg_post_thumbnail":0,"footnotes":""},"class_list":["post-2","page","type-page","status-publish","hentry"],"_links":{"self":[{"href":"https:\/\/www.wezniepierdol.pl\/index.php?rest_route=\/wp\/v2\/pages\/2","targetHints":{"allow":["GET"]}}],"collection":[{"href":"https:\/\/www.wezniepierdol.pl\/index.php?rest_route=\/wp\/v2\/pages"}],"about":[{"href":"https:\/\/www.wezniepierdol.pl\/index.php?rest_route=\/wp\/v2\/types\/page"}],"author":[{"embeddable":true,"href":"https:\/\/www.wezniepierdol.pl\/index.php?rest_route=\/wp\/v2\/users\/3"}],"replies":[{"embeddable":true,"href":"https:\/\/www.wezniepierdol.pl\/index.php?rest_route=%2Fwp%2Fv2%2Fcomments&post=2"}],"version-history":[{"count":4,"href":"https:\/\/www.wezniepierdol.pl\/index.php?rest_route=\/wp\/v2\/pages\/2\/revisions"}],"predecessor-version":[{"id":933,"href":"https:\/\/www.wezniepierdol.pl\/index.php?rest_route=\/wp\/v2\/pages\/2\/revisions\/933"}],"wp:attachment":[{"href":"https:\/\/www.wezniepierdol.pl\/index.php?rest_route=%2Fwp%2Fv2%2Fmedia&parent=2"}],"curies":[{"name":"wp","href":"https:\/\/api.w.org\/{rel}","templated":true}]}}