{"id":306,"date":"2013-03-25T22:40:38","date_gmt":"2013-03-25T20:40:38","guid":{"rendered":"http:\/\/www.wezniepierdol.pl\/?page_id=306"},"modified":"2023-04-03T12:58:03","modified_gmt":"2023-04-03T10:58:03","slug":"regulamin","status":"publish","type":"page","link":"https:\/\/www.wezniepierdol.pl\/?page_id=306","title":{"rendered":"Regulamin"},"content":{"rendered":"<p>Odwiedzaj\u0105c t\u0105 witryn\u0119 zgadzam si\u0119 z poni\u017cszym Regulaminem. Je\u015bli si\u0119 nie zgadzam &#8211; to st\u0105d wypierdalam!<\/p>\n<ol>\n<li>Autorem jest zar\u00f3wno osoba publikuj\u0105ca posty jak i osoba publikuj\u0105ca komentarz.<\/li>\n<li>Je\u015bli czytam co autor ma do powiedzenia to znaczy, \u017ce toleruj\u0119 autora i wszystko co si\u0119 pojawia na tej stronie. Mog\u0119 si\u0119 z autorem nie zgadza\u0107, wdawa\u0107 si\u0119 z autorem w polemik\u0119 &#8211; ale toleruj\u0119 autora i jego opinie.<\/li>\n<li>Je\u015bli nie toleruj\u0119 i nie podoba mi si\u0119 co autor wypisuje &#8211; wypierdalam st\u0105d w podskokach z przytupem i pogwizduj\u0105c na zakr\u0119tach i wi\u0119cej tu nie wracam.<\/li>\n<li>Wszelkie dane osobowe jakie podaj\u0119 gdziekolwiek na tej stronie &#8211; a czyni\u0119 to dobrowolnie &#8211; by\u0107 mo\u017ce b\u0119d\u0105 gdzie\u015b przechowywane, ale chuj jeden wie gdzie. Ja\u015bnie Wielmo\u017cny Administrator tej witryny zapewnia, \u017ce jebie go jakie dane i w jakim celu podajecie, i nie ma ochoty wykorzystywa\u0107 tych danych do czegokolwiek, ani tym bardziej przekazywa\u0107 ich dobrowolnie komukolwiek!<\/li>\n<li>Nawet je\u015bli ta strona zapisuje jakie\u015b kukizy to Ja\u015bnie Wielmo\u017cny Administrator ma to g\u0142\u0119boko w dupie, nie u\u017cywa tych\u017ce ciastek ani do karmienia kur ani tym bardziej sam ich nie wpierdala. Le\u017c\u0105 i gnij\u0105 tam gdzie ich miejsce. Jak komu\u015b nie pasi &#8211; wypierdala w podskokach&#8230; co dalej ju\u017c znacie.<\/li>\n<\/ol>\n\n\n<p class=\"wp-block-paragraph\"><\/p>\n","protected":false},"excerpt":{"rendered":"<p>Odwiedzaj\u0105c t\u0105 witryn\u0119 zgadzam si\u0119 z poni\u017cszym Regulaminem. Je\u015bli si\u0119 nie zgadzam &#8211; to st\u0105d wypierdalam! Autorem jest zar\u00f3wno osoba publikuj\u0105ca posty jak i osoba publikuj\u0105ca komentarz. Je\u015bli czytam co autor ma do powiedzenia to znaczy, \u017ce toleruj\u0119 autora i wszystko co si\u0119 pojawia na tej stronie. Mog\u0119 si\u0119 z autorem nie zgadza\u0107, wdawa\u0107 si\u0119 [&hellip;]<\/p>\n","protected":false},"author":3,"featured_media":0,"parent":0,"menu_order":0,"comment_status":"open","ping_status":"open","template":"","meta":{"_crdt_document":"","ngg_post_thumbnail":0,"footnotes":""},"class_list":["post-306","page","type-page","status-publish","hentry"],"_links":{"self":[{"href":"https:\/\/www.wezniepierdol.pl\/index.php?rest_route=\/wp\/v2\/pages\/306","targetHints":{"allow":["GET"]}}],"collection":[{"href":"https:\/\/www.wezniepierdol.pl\/index.php?rest_route=\/wp\/v2\/pages"}],"about":[{"href":"https:\/\/www.wezniepierdol.pl\/index.php?rest_route=\/wp\/v2\/types\/page"}],"author":[{"embeddable":true,"href":"https:\/\/www.wezniepierdol.pl\/index.php?rest_route=\/wp\/v2\/users\/3"}],"replies":[{"embeddable":true,"href":"https:\/\/www.wezniepierdol.pl\/index.php?rest_route=%2Fwp%2Fv2%2Fcomments&post=306"}],"version-history":[{"count":7,"href":"https:\/\/www.wezniepierdol.pl\/index.php?rest_route=\/wp\/v2\/pages\/306\/revisions"}],"predecessor-version":[{"id":935,"href":"https:\/\/www.wezniepierdol.pl\/index.php?rest_route=\/wp\/v2\/pages\/306\/revisions\/935"}],"wp:attachment":[{"href":"https:\/\/www.wezniepierdol.pl\/index.php?rest_route=%2Fwp%2Fv2%2Fmedia&parent=306"}],"curies":[{"name":"wp","href":"https:\/\/api.w.org\/{rel}","templated":true}]}}